{"id":7,"date":"2018-08-24T08:04:13","date_gmt":"2018-08-24T06:04:13","guid":{"rendered":"http:\/\/fm-3d-aquaristikbedarf.de\/agb\/"},"modified":"2024-08-08T16:05:38","modified_gmt":"2024-08-08T14:05:38","slug":"agb","status":"publish","type":"page","link":"https:\/\/fm-3d-aquaristikbedarf.de\/?page_id=7","title":{"rendered":"AGB"},"content":{"rendered":"<p style=\"text-align: center;\"><strong> \u00a71 Angebot und Vertragsabschluss<\/strong><\/p>\n<p>&nbsp;<\/p>\n<p>Die vom Besteller unterzeichnete Bestellung ist ein bindendes Angebot. Wir k\u00f6nnen dieses Angebot innerhalb von zwei Wochen durch Zusendung einer Auftragsbest\u00e4tigung annehmen oder innerhalb dieser Frist die bestellte Ware zusenden. Die Bestelleingangsmail stellt keine Auftragsbest\u00e4tigung dar.<\/p>\n<p>&nbsp;<\/p>\n<p>&nbsp;<\/p>\n<p style=\"text-align: center;\"><strong> \u00a72 \u00dcberlassene Unterlagen<\/strong><\/p>\n<p>&nbsp;<\/p>\n<p>An allen im Zusammenhang mit der Auftragserteilung dem Besteller \u00fcberlassenen Unterlagen, wie z.B. Kalkulationen, Zeichnungen etc., behalten wir uns das Eigentums- und Urheberrecht vor. Diese Unterlagen d\u00fcrfen Dritten nicht zug\u00e4nglich gemacht werden, es sei denn, wir erteilen dem Besteller unsere ausdr\u00fcckliche schriftliche Zustimmung. Soweit wir das Angebot des Bestellers nicht innerhalb der Frist von \u00a7 1 annehmen, sind diese Unterlagen uns unverz\u00fcglich zur\u00fcckzusenden.<\/p>\n<p>&nbsp;<\/p>\n<p style=\"text-align: center;\"><strong>\u00a73 Geltung der Allgemeinen Gesch\u00e4ftsbedingungen<\/strong><\/p>\n<p>Es gelten ausschlie\u00dflich jeweils die zum Zeitpunkt der Lieferung aktuellen Allgemeinen Gesch\u00e4ftsbedingungen, diese k\u00f6nnen Sie in Textform herunterladen oder ausdrucken. Von den Allgemeinen Gesch\u00e4ftsbedingungen abweichenden Reglungen erkenne ich nicht an, es sei denn diese wurden in Schriftform best\u00e4tigt.<\/p>\n<p style=\"text-align: center;\"><strong> \u00a74 Preise, Zahlung<\/strong><\/p>\n<p>&nbsp;<\/p>\n<ol>\n<li>In unseren Preisen ist die Umsatzsteuer enthalten. Liefer- und Versandkosten sind in unseren Preisen nicht enthalten.<br \/>\nPreis\u00e4nderungen und -irrt\u00fcmer vorbehalten!<\/li>\n<li>Die Zahlung des Kaufpreises hat ausschlie\u00dflich auf das umseitig genannte Konto zu erfolgen. Der Abzug von Skonto ist nur bei schriftlicher besonderer Vereinbarung zul\u00e4ssig.<br \/>\nSofern nichts anderes vereinbart wird, ist der Kaufpreis vor Lieferung oder bei erhalt der Ware (Nachname Lieferung) zahlen<\/li>\n<\/ol>\n<p>&nbsp;<\/p>\n<p>&nbsp;<\/p>\n<p style=\"text-align: center;\"><strong> \u00a75 Aufrechnung und Zur\u00fcckbehaltungsrechte<\/strong><\/p>\n<p>&nbsp;<\/p>\n<p>Dem Besteller steht das Recht zur Aufrechnung nur zu, wenn seine Forderungen rechtskr\u00e4ftig festgestellt oder unbestritten sind. Zur Aufrechnung gegen unsere Anspr\u00fcche ist der Besteller auch berechtigt, wenn er M\u00e4ngelr\u00fcgen oder Gegenanspr\u00fcche aus demselben Kaufvertrag geltend macht. Zur Aus\u00fcbung eines Zur\u00fcckbehaltungsrechts ist der Besteller nur insoweit befugt, als sein Gegenanspruch auf dem gleichen Vertragsverh\u00e4ltnis beruht.<\/p>\n<p style=\"text-align: center;\"><strong>\u00a76 Lieferung, Lieferzeit, Lieferkosten<\/strong><\/p>\n<ol start=\"3\">\n<li>Es ist nur einen Lieferung innerhalb von Deutschland (Festland) m\u00f6glich.<\/li>\n<li>Soweit kein ausdr\u00fccklich verbindlicher Liefertermin vereinbart wurde, sind unsere Liefertermin bzw. Lieferfristen ausschlie\u00dflich unverbindliche Angaben.Der Beginn der von uns angegebenen Lieferzeit setzt die rechtzeitige und ordnungsgem\u00e4\u00dfe Erf\u00fcllung der Verpflichtungen des Bestellers voraus. Die Einrede des nicht erf\u00fcllten Vertrages bleibt vorbehalten.<br \/>\nDer Besteller kann 2 Wochen nach \u00dcberschreitung eines unverbindlichen Liefertermins\/Lieferfrist uns in Textform auffordern binnen einer angemessenen Frist zu liefern. Sollten wir einen ausdr\u00fccklichen Liefertermin\/eine Lieferfrist schuldhaft nicht einhalten oder wenn wir aus anderem Grund in Verzug geraten, so muss der Besteller uns eine angemessene Nachfrist zur Bewirkung der Leistung setzen. Wenn wir die Nachfrist fruchtlos verstreichen lassen, so ist der Besteller berechtigt, vom Kaufvertrag zur\u00fcckzutreten.<br \/>\nKommt der Besteller in Annahmeverzug oder verletzt er schuldhaft sonstige Mitwirkungspflichten, so sind wir berechtigt, den uns hierdurch entstehenden Schaden, einschlie\u00dflich etwaiger Mehraufwendungen ersetzt zu verlangen. Weitergehende Anspr\u00fcche bleiben vorbehalten. Dem Besteller bleibt seinerseits vorbehalten nachzuweisen, dass ein Schaden in der verlangten H\u00f6he \u00fcberhaupt nicht oder zumindest wesentlich niedriger entstanden ist. Die Gefahr eines zuf\u00e4lligen Untergangs oder einer zuf\u00e4lligen Verschlechterung der Kaufsache geht in dem Zeitpunkt auf den Besteller \u00fcber, in dem dieser in Annahme- oder Schuldnerverzug ger\u00e4t.<br \/>\nWeitere gesetzliche Anspr\u00fcche und Rechte des Bestellers wegen eines Lieferverzuges bleiben unber\u00fchrt.<\/li>\n<li>Versandkosten DHL ( Insellieferungen Abweichend )<br \/>\nPaket bis 60 x 30 x 15 cm<br \/>\nbis 2 kg\u00a0 \u00a0\u00a0\u00a0\u00a0\u00a0\u00a0\u00a0\u00a0\u00a0\u00a0\u00a0\u00a0 \u00a04,99\u20acPaket bis 120 x 60 x 60 cm<br \/>\nbis 5 kg \u00a0\u00a0\u00a0\u00a0\u00a0\u00a0\u00a0\u00a0\u00a0\u00a0\u00a0\u00a0\u00a0 \u00a05,99\u20ac<br \/>\nbis 10 kg \u00a0\u00a0\u00a0\u00a0\u00a0\u00a0\u00a0\u00a0\u00a0\u00a0\u00a0\u00a0 8,49\u20ac<br \/>\nbis 31,5 kg\u00a0\u00a0\u00a0\u00a0\u00a0\u00a0\u00a0\u00a0\u00a0 16,49\u20ac<\/li>\n<li>Die Zahlung per Nachnahme sind die Lieferkosten abweichend.\n<p>Versandkosten DHL incl. Nachnahme ( Insellieferungen Abweichend )<br \/>\nPaket bis 60 x 30 x 15 cm<br \/>\nbis 2 kg\u00a0 \u00a0\u00a0\u00a0\u00a0\u00a0\u00a0\u00a0\u00a0\u00a0\u00a0\u00a0\u00a0\u00a0 12,84\u20acPaket bis 120 x 60 x 60 cm<br \/>\nbis 5 kg \u00a0\u00a0\u00a0\u00a0\u00a0\u00a0\u00a0\u00a0\u00a0\u00a0\u00a0\u00a0\u00a0\u00a0 14,03\u20ac<br \/>\nbis 10 kg \u00a0\u00a0\u00a0\u00a0\u00a0\u00a0\u00a0\u00a0\u00a0\u00a0\u00a0\u00a0 17,00\u20ac<br \/>\nbis 31,5 kg\u00a0\u00a0\u00a0\u00a0\u00a0\u00a0\u00a0\u00a0\u00a0\u00a0 23,39\u20ac<\/li>\n<\/ol>\n<p style=\"text-align: center;\"><strong>\u00a77 Eigentumsvorbehalt<\/strong><\/p>\n<p>&nbsp;<\/p>\n<p>Wir behalten uns das Eigentum an der gelieferten Sache bis zur vollst\u00e4ndigen Zahlung s\u00e4mtlicher Forderungen aus dem Liefervertrag vor.<\/p>\n<p style=\"text-align: center;\"><strong>\u00a0\u00a7<\/strong><strong>8 Gew\u00e4hrleistung und M\u00e4ngelr\u00fcge<\/strong><\/p>\n<p><em>\u00a0<\/em><\/p>\n<ol>\n<li>Soweit die in unseren Prospekten, Anzeigen und sonstigen Angebotsunterlagen enthaltenen Angaben nicht von uns ausdr\u00fccklich als verbindlich bezeichnet worden sind, sind die dort enthaltenen Abbildungen oder Zeichnungen nur ann\u00e4hernd ma\u00dfgebend.<\/li>\n<\/ol>\n<p>&nbsp;<\/p>\n<ol start=\"2\">\n<li>Soweit der gelieferte Gegenstand nicht die zwischen dem Besteller und uns vereinbarte Beschaffenheit hat oder er sich nicht f\u00fcr die nach unserem Vertrag vorausgesetzten oder die Verwendung allgemein eignet oder er nicht die Eigenschaften, die der Besteller nach unseren \u00f6ffentlichen \u00c4u\u00dferungen erwarten konnten, hat, so sind wir zur Nacherf\u00fcllung verpflichtet. dies gilt nicht, wenn wir aufgrund der gesetzlichen Regelungen zur Verweigerung der Nacherf\u00fcllung berechtigt sind.<\/li>\n<\/ol>\n<p>&nbsp;<\/p>\n<ol start=\"3\">\n<li>Der Besteller hat zun\u00e4chst die Wahl, ob die Nacherf\u00fcllung durch Nachbesserung oder Ersatzlieferung erfolgen soll. Wir sind jedoch berechtigt, die vom Besteller gew\u00e4hlte Art der Nacherf\u00fcllung zu verweigern, wenn sie nur mit unverh\u00e4ltnism\u00e4\u00dfigen Kosten m\u00f6glich ist und die andere Art der Nacherf\u00fcllung ohne erhebliche Nachteile f\u00fcr den Besteller bleibt. W\u00e4hrend der Nacherf\u00fcllung sind die Herabsetzung des Kaufpreises oder der R\u00fccktritt vom Vertrag durch den Besteller ausgeschlossen. Eine Nachbesserung gilt mit dem erfolglosen zweiten Versuch als fehlgeschlagen, wenn sich nicht insbesondere aus der Art der Sache oder des Mangels oder den sonstigen Umst\u00e4nden etwas anderes ergibt. Ist die Nacherf\u00fcllung fehlgeschlagen oder haben wir die Nacherf\u00fcllung insgesamt verweigert, kann der Besteller nach seiner Wahl Herabsetzung des Kaufpreises (Minderung) verlangen oder den R\u00fccktritt vom Vertrag erkl\u00e4ren.<\/li>\n<\/ol>\n<p>&nbsp;<\/p>\n<ol start=\"4\">\n<li>Schadensersatzanspr\u00fcche zu den nachfolgenden Bedingungen wegen des Mangels kann der Besteller erst geltend machen, wenn die Nacherf\u00fcllung fehlgeschlagen ist oder wir die Nacherf\u00fcllung verweigert haben. Das Recht des Bestellers zur Geltendmachung von weitergehenden Schadensersatzanspr\u00fcchen zu den nachfolgenden Bedingungen bleibt davon unber\u00fchrt.<\/li>\n<\/ol>\n<p>&nbsp;<\/p>\n<p>&nbsp;<\/p>\n<p>&nbsp;<\/p>\n<p><u>Hinweis gem. ODR-Verordnung:<\/u><\/p>\n<p>Die Europ\u00e4ische Kommission stellt eine Plattform f\u00fcr die au\u00dfergerichtliche Online-Streitbeilegung<\/p>\n<p>(OS-Plattform) bereit, aufrufbar unter <a href=\"http:\/\/ec.europa.eu\/odr\">http:\/\/ec.europa.eu\/odr<\/a><br \/>\n[gzd_complaints]<\/p>\n","protected":false},"excerpt":{"rendered":"<p>\u00a71 Angebot und Vertragsabschluss &nbsp; Die vom Besteller unterzeichnete Bestellung ist ein bindendes Angebot. Wir k\u00f6nnen dieses Angebot innerhalb von zwei Wochen durch Zusendung einer Auftragsbest\u00e4tigung annehmen oder innerhalb dieser Frist die bestellte Ware zusenden. Die Bestelleingangsmail stellt keine Auftragsbest\u00e4tigung dar. &nbsp; &nbsp; \u00a72 \u00dcberlassene Unterlagen &nbsp; An allen im Zusammenhang mit der Auftragserteilung dem [&hellip;]<\/p>\n","protected":false},"author":1,"featured_media":0,"parent":0,"menu_order":0,"comment_status":"closed","ping_status":"closed","template":"","meta":{"footnotes":""},"class_list":["post-7","page","type-page","status-publish","hentry"],"_links":{"self":[{"href":"https:\/\/fm-3d-aquaristikbedarf.de\/index.php?rest_route=\/wp\/v2\/pages\/7","targetHints":{"allow":["GET"]}}],"collection":[{"href":"https:\/\/fm-3d-aquaristikbedarf.de\/index.php?rest_route=\/wp\/v2\/pages"}],"about":[{"href":"https:\/\/fm-3d-aquaristikbedarf.de\/index.php?rest_route=\/wp\/v2\/types\/page"}],"author":[{"embeddable":true,"href":"https:\/\/fm-3d-aquaristikbedarf.de\/index.php?rest_route=\/wp\/v2\/users\/1"}],"replies":[{"embeddable":true,"href":"https:\/\/fm-3d-aquaristikbedarf.de\/index.php?rest_route=%2Fwp%2Fv2%2Fcomments&post=7"}],"version-history":[{"count":3,"href":"https:\/\/fm-3d-aquaristikbedarf.de\/index.php?rest_route=\/wp\/v2\/pages\/7\/revisions"}],"predecessor-version":[{"id":653,"href":"https:\/\/fm-3d-aquaristikbedarf.de\/index.php?rest_route=\/wp\/v2\/pages\/7\/revisions\/653"}],"wp:attachment":[{"href":"https:\/\/fm-3d-aquaristikbedarf.de\/index.php?rest_route=%2Fwp%2Fv2%2Fmedia&parent=7"}],"curies":[{"name":"wp","href":"https:\/\/api.w.org\/{rel}","templated":true}]}}